{"id":9133,"date":"2025-01-28T16:30:12","date_gmt":"2025-01-28T15:30:12","guid":{"rendered":"https:\/\/www.mtd.it\/new\/cookies\/"},"modified":"2025-01-28T16:48:58","modified_gmt":"2025-01-28T15:48:58","slug":"cookies","status":"publish","type":"page","link":"https:\/\/www.mtd.it\/en\/cookies\/","title":{"rendered":"Cookies"},"content":{"rendered":"\t\t<div data-elementor-type=\"wp-page\" data-elementor-id=\"9133\" class=\"elementor elementor-9133 elementor-9126\">\n\t\t\t\t\t\t<section class=\"elementor-section elementor-top-section elementor-element elementor-element-3baa981 elementor-section-full_width qodef-elementor-content-grid elementor-section-height-default elementor-section-height-default\" data-id=\"3baa981\" data-element_type=\"section\" data-e-type=\"section\">\n\t\t\t\t\t\t<div class=\"elementor-container elementor-column-gap-no\">\n\t\t\t\t\t<div class=\"elementor-column elementor-col-100 elementor-top-column elementor-element elementor-element-f76bd44 elementor-invisible\" data-id=\"f76bd44\" data-element_type=\"column\" data-e-type=\"column\" data-settings=\"{&quot;animation&quot;:&quot;fadeInLeft&quot;}\">\n\t\t\t<div class=\"elementor-widget-wrap elementor-element-populated\">\n\t\t\t\t\t\t<div class=\"elementor-element elementor-element-286c056 elementor-widget elementor-widget-text-editor\" data-id=\"286c056\" data-element_type=\"widget\" data-e-type=\"widget\" data-widget_type=\"text-editor.default\">\n\t\t\t\t<div class=\"elementor-widget-container\">\n\t\t\t\t\t\t\t\t\t<h3>Informativa ai sensi dell\u2019art. 13 del d.lg. 196\/2003 (Codice in materia di protezione dei dati personali)<\/h3>\n<p>Con il presente documento, LA MECCANICA TURBO DIESEL S.R.L.&nbsp;\u2028C.F. \/ P. IVA 02789780109 , titolare del trattamento, ai sensi degli artt. 13 e 122 del D. Lgs. 196\/2003 (\u201ccodice privacy\u201d), nonch\u00e9 in base a quanto previsto dal Provvedimento generale del Garante privacy dell\u20198 maggio 2014, fornisce agli utenti del sito web www.marinadiportofino.com alcune informazioni relative ai cookie utilizzati.<\/p>\n<p>Il Titolare non \u00e8 tenuto a richiedere il consenso dell\u2019utente per i cookie tecnici, poich\u00e9 questi sono strettamente necessari per la fornitura del servizio.<br>Per le altre tipologie di cookie il consenso pu\u00f2 essere espresso dall\u2019Utente, conformemente alla normativa vigente, mediante specifiche configurazioni del browser e di programmi informatici o di dispositivi che siano di facile e chiara utilizzabilit\u00e0 per l\u2019Utente. Il Titolare ricorda all\u2019Utente che \u00e8 possibile modificare le preferenze relative ai cookie in qualsiasi momento. \u00c8 anche possibile disabilitare in qualsiasi momento i cookie dal browser , ma questa operazione potrebbe impedire all\u2019Utente di utilizzare alcune parti del Sito.<\/p>\n<h3>Che cosa sono i cookies<\/h3>\n<p>I cookies sono informazioni che possono essere salvate sul tuo dispositivo (computer o smartphone) quando navighi su Internet. Grazie ai cookies, il server invia informazioni ogni volta che ritornerai su questo sito o su tutti i siti di propriet\u00e0 della MTD&nbsp;per consentirti una navigazione ottimale.<\/p>\n<p>I cookies servono infatti a migliorare la tua esperienza di navigazione e fornire informazioni al gestore del sito sull\u2019utilizzo che ne stai facendo al fine di ottenere dati statistici, un profilo di utilizzo e veicolare messaggi pubblicitari in linea con i tuoi interessi.<\/p>\n<p>Se prosegui nella navigazione acconsenti all\u2019utilizzo dei cookie.<br>In qualunque momento \u00e8 possibile disabilitare i cookies presenti sul browser; ti ricordiamo che quest\u2019opzione potrebbe limitare molte delle funzionalit\u00e0 di navigazione del sito.<\/p>\n<h4>Cookie Tecnici<\/h4>\n<p><strong>Attivit\u00e0 strettamente necessarie al funzionamento<\/strong><br>Questi cookies hanno natura tecnica e permettono al sito di funzionare correttamente. Ad esempio, mantengono l\u2019utente collegato durante la navigazione evitando che il sito richieda di collegarsi pi\u00f9 volte per accedere alle pagine successive.<\/p>\n<p><strong>Attivit\u00e0 di salvataggio delle preferenze<\/strong><br>Questi cookie permettono di ricordare le preferenze selezionate dall\u2019utente durante la navigazione, ad esempio, consentono di impostare la lingua.<\/p>\n<p><strong>Google Analytics<\/strong><\/p>\n<p>Il Sito utilizza Google Analytics. Si tratta di un servizio di analisi web fornito da Google Inc. (\u201cGoogle\u201d) che utilizza dei cookie che vengono depositati sul computer dell\u2019utente per consentire analisi statistiche in forma aggregata in ordine all\u2019utilizzo del sito web visitato. I Dati generati da Google Analytics sono conservati da Google cos\u00ec come indicato nella Informativa reperibile al seguente link <a href=\"https:\/\/developers.google.com\/analytics\/devguides\/collection\/analyticsjs\/cookie-usage\">https:\/\/developers.google.com\/analytics\/devguides\/collection\/analyticsjs\/cookie-usage<\/a> Per consultare l\u2019informativa privacy della societ\u00e0 Google Inc., si rinvia al seguente sito Internet: <a href=\"http:\/\/www.google.com\/intl\/en\/analytics\/privacyoverview.html\">http:\/\/www.google.com\/intl\/en\/analytics\/privacyoverview.html<\/a><br>MODALITA\u2019 DEL TRATTAMENTO Il trattamento viene effettuato con strumenti automatizzati dal Titolare. Non viene effettuata alcuna diffusione o comunicazione.<\/p>\n<p><strong>Interazione con Social Network e piattaforme esterne<\/strong><\/p>\n<p>Questi servizi permettono di effettuare interazioni con i social network, o con altre piattaforme esterne, direttamente dalle pagine di questo sito.<\/p>\n<p>Le interazioni e le informazioni acquisite da questo sito sono in ogni caso soggette alle impostazioni privacy dell\u2019Utente relative ad ogni social network.<\/p>\n<p>Nel caso in cui sia installato un servizio di interazione con i social network, \u00e8 possibile che, anche nel caso gli Utenti non utilizzino il servizio, lo stesso raccolga dati di traffico relativi alle pagine in cui \u00e8 installato.<\/p>\n<p>Pulsante Mi Piace e widget sociali di Facebook (Facebook, Inc.)<br>Il pulsante \u201cMi Piace\u201d e i widget sociali di Facebook sono servizi di interazione con il social network Facebook, forniti da Facebook, Inc.<br>Dati personali raccolti: Cookie e Dati di utilizzo.<br>Luogo del trattamento : USA \u2013 <a href=\"https:\/\/www.google.it\/url?sa=t&amp;rct=j&amp;q=&amp;esrc=s&amp;source=web&amp;cd=1&amp;cad=rja&amp;uact=8&amp;ved=0CCoQFjAA&amp;url=https%3A%2F%2Fwww.facebook.com%2Fpolicy.php&amp;ei=SkpwVfaxF-TSyAOKyYGIBA&amp;usg=AFQjCNET1zCmwrVKoE46TkG_m44uBRiREA&amp;sig2=hn5nrRNwl5IvpPDR4G-rqw&amp;bvm=bv.94911696,d.bGQ\" target=\"_blank\" rel=\"noopener\">Privacy Policy<\/a><\/p>\n<p>Pulsante Tweet e widget sociali di Twitter (Twitter, Inc.)<br>Il pulsante Tweet e i widget sociali di Twitter sono servizi di interazione con il social network Twitter, forniti da Twitter, Inc.<br>Dati personali raccolti: Cookie e Dati di utilizzo.<br>Luogo del trattamento : USA \u2013 <a href=\"https:\/\/twitter.com\/privacy?lang=it\" target=\"_blank\" rel=\"noopener\">Privacy Policy<\/a><\/p>\n<p>Pulsante \u201cPin it\u201d e widget sociali di Pinterest (Pinterest)<br>Il pulsante \u201cPin it\u201d e widget sociali di Pinterest sono servizi di interazione con la piattaforma Pinterest, forniti da Pinterest Inc.<br>Dati personali raccolti: Cookie e Dati di utilizzo.<br>Luogo del trattamento : USA \u2013 <a href=\"https:\/\/www.google.it\/url?sa=t&amp;rct=j&amp;q=&amp;esrc=s&amp;source=web&amp;cd=2&amp;cad=rja&amp;uact=8&amp;sqi=2&amp;ved=0CDMQFjAB&amp;url=https%3A%2F%2Fabout.pinterest.com%2Fit%2Fprivacy-policy&amp;ei=YEpwVeG4JIKusAGY1IuYBQ&amp;usg=AFQjCNEb4ZbzQPLBeKc6X_16i8C7M-wmpw&amp;sig2=9jKWCChz3yj6sb6EPTMTBA&amp;bvm=bv.94911696,d.bGQ\" target=\"_blank\" rel=\"noopener\">Privacy Policy<\/a><\/p>\n<p>Il pulsante Tumblr e widget sociali di Tumblr sono servizi di interazione con la piattaforma Tumblr, forniti da Tumblr Inc.<br>Dati personali raccolti: Cookie e Dati di utilizzo<br>Luogo del trattamento: USA<br>Privacy Policy <a href=\"https:\/\/www.tumblr.com\/policy\/en\/privacy\">https:\/\/www.tumblr.com\/policy\/en\/privacy<\/a><\/p>\n<p>Il pulsante Google+ e widget sociali di Google+ sono servizi di interazione con la piattaforma Google+, forniti da Google Inc.<br>Dati personali raccolti: Cookie e Dati di utilizzo<br>Luogo del trattamento: USA<br>Privacy Policy <a href=\"https:\/\/www.google.com\/intl\/it\/policies\/privacy\/\">https:\/\/www.google.com\/intl\/it\/policies\/privacy\/<\/a><\/p>\n<p>Google Maps &nbsp;\u00e8 un servizio&nbsp;che consente la ricerca e la visualizzazione di&nbsp;carte geografiche&nbsp; fornito da Google Inc.<br>Dati personali raccolti: Cookie e Dati di utilizzo<br>Privacy Policy <a href=\"https:\/\/www.google.it\/intl\/it\/policies\/privacy\/\">https:\/\/www.google.it\/intl\/it\/policies\/privacy\/<\/a><\/p>\n<p>Vimeo&nbsp; \u00e8 un sito di rete sociale video di propriet\u00e0 di IAC<br>Dati personali raccolti: Cookie e Dati di utilizzo<br>Privacy Policy <a href=\"https:\/\/vimeo.com\/privacy\">https:\/\/vimeo.com\/privacy<\/a><br>Opt Out <a href=\"https:\/\/vimeo.com\/opt_out\">https:\/\/vimeo.com\/opt_out<\/a><\/p>\n<p><strong>Elenco dei cookies utilizzati da questo sito (anche di terze parti)<\/strong><\/p>\n<div id=\"cookie-6\" class=\"web-developer-cookie\">\n<div>\n<div>\n<div id=\"cookie-1\">\n<table border=\"1\">\n<tbody>\n<tr>\n<td>__utma<\/td>\n<td>Utilizzato dallo strumento Google Analytics per conteggiare visitatori univoci<\/td>\n<td>Performance<\/td>\n<td>Persistente<\/td>\n<td>Terza Parte<\/td>\n<td>E\u2019 possibile disattivare la funzionalit\u00e0 di Google Analytics seguendo le istruzioni qui indicate: <a title=\"About Google Analytics\" href=\"http:\/\/tools.google.com\/dlpage\/gaoptout?hl=it-IT\" target=\"_blank\" rel=\"noopener\">http:\/\/tools.google.com\/dlpage\/gaoptout?hl=it-IT<\/a><\/td>\n<\/tr>\n<\/tbody>\n<\/table>\n<\/div>\n<\/div>\n<div>\n<p><img decoding=\"async\" class=\"mceWPmore mceItemNoResize\" title=\"Continua...\" src=\"https:\/\/www.stegani.com\/wp-includes\/js\/tinymce\/plugins\/wordpress\/img\/trans.gif\" alt=\"\"><\/p>\n<hr>\n<\/div>\n<div id=\"cookie-2\">\n<table border=\"1\">\n<tbody>\n<tr>\n<td>__utmb<\/td>\n<td>Utilizzato dallo strumento Google Analytics per stabilire una sessione e la sua durata<\/td>\n<td>Performance<\/td>\n<td>Di sessione<\/td>\n<td>Terza Parte<\/td>\n<td>E\u2019 possibile disattivare la funzionalit\u00e0 di Google Analytics seguendo le istruzioni qui indicate: <a title=\"About Google Analytics\" href=\"http:\/\/tools.google.com\/dlpage\/gaoptout?hl=it-IT\" target=\"_blank\" rel=\"noopener\">http:\/\/tools.google.com\/dlpage\/gaoptout?hl=it-IT<\/a><\/td>\n<\/tr>\n<\/tbody>\n<\/table>\n<\/div>\n<div>\n<p><img decoding=\"async\" class=\"mceWPmore mceItemNoResize\" title=\"Continua...\" src=\"https:\/\/www.stegani.com\/wp-includes\/js\/tinymce\/plugins\/wordpress\/img\/trans.gif\" alt=\"\"><\/p>\n<hr>\n<\/div>\n<div id=\"cookie-3\">\n<table border=\"1\">\n<tbody>\n<tr>\n<td>__utmc<\/td>\n<td>Utilizzato dallo strumento Google Analytics per stabilire una sessione e la sua durata<\/td>\n<td>Performance<\/td>\n<td>Di sessione<\/td>\n<td>Terza Parte<\/td>\n<td>E\u2019 possibile disattivare la funzionalit\u00e0 di Google Analytics seguendo le istruzioni qui indicate: <a title=\"About Google Analytics\" href=\"http:\/\/tools.google.com\/dlpage\/gaoptout?hl=it-IT\" target=\"_blank\" rel=\"noopener\">http:\/\/tools.google.com\/dlpage\/gaoptout?hl=it-IT<\/a><\/td>\n<\/tr>\n<\/tbody>\n<\/table>\n<\/div>\n<div><img decoding=\"async\" class=\"mceWPmore mceItemNoResize\" title=\"Continua...\" src=\"https:\/\/www.stegani.com\/wp-includes\/js\/tinymce\/plugins\/wordpress\/img\/trans.gif\" alt=\"\"><\/div>\n<div>\n<hr>\n<\/div>\n<div id=\"cookie-4\">\n<table border=\"1\">\n<tbody>\n<tr>\n<td>__utmt<\/td>\n<td>Utilizzato dallo strumento Google Analytics per stabilire una sessione e la sua durata<\/td>\n<td>Performance<\/td>\n<td>Di sessione<\/td>\n<td>Terza Parte<\/td>\n<td>E\u2019 possibile disattivare la funzionalit\u00e0 di Google Analytics seguendo le istruzioni qui indicate: <a title=\"About Google Analytics\" href=\"http:\/\/tools.google.com\/dlpage\/gaoptout?hl=it-IT\" target=\"_blank\" rel=\"noopener\">http:\/\/tools.google.com\/dlpage\/gaoptout?hl=it-IT<\/a><\/td>\n<\/tr>\n<\/tbody>\n<\/table>\n<\/div>\n<div>\n<hr>\n<\/div>\n<\/div>\n<div id=\"cookie-5\">&nbsp;<\/div>\n<\/div>\n<div class=\"web-developer-separator\">&nbsp;<\/div>\n<h4><strong><br>Per informazioni su come modificare le impostazioni dei cookies seleziona qui sotto il browser che stai utilizzando:<\/strong>Rifiutare e bloccare i cookies<\/h4>\n<p>La maggioranza dei browser internet sono inizialmente impostati per accettare i cookie in modo automatico. Ci\u00f2 significa che hai la possibilit\u00e0, in ogni momento, di impostare il tuo browser in modo da accettare tutti i cookie, solo alcuni, oppure di rifiutarli, disabilitandone l\u2019uso da parte dei siti. Inoltre puoi normalmente impostare le preferenze del tuo browser in modo tale da essere avvisato ogni volta che un cookie viene memorizzato nel tuo computer. Al termine di ogni sessione di navigazione, infine, puoi cancellare dal disco fisso del tuo dispositivo i cookie raccolti. Se vuoi eliminare i cookie installati nella cartella dei cookie del browser utilizzato, occorre rammentare che ciascun browser presenta procedure diverse per la gestione delle impostazioni.<br>Fatta eccezione per i cookie tecnici strettamente necessari alla normale navigazione, l\u2019interessato pu\u00f2 evitare l\u2019installazione dei cookie attraverso apposite funzioni disponibili sul proprio browser.<\/p>\n<p>Selezionando i collegamenti sottostanti puoi ottenere istruzioni specifiche per alcuni dei principali browser.<\/p>\n<p>Microsoft Windows Explorer:&nbsp;<a href=\"http:\/\/windows.microsoft.com\/en-us\/windows-vista\/block-or-allow-cookies\" target=\"_blank\" rel=\"noopener\">http:\/\/windows.microsoft.com\/en-us\/windows-vista\/block-or-allow-cookies<\/a><br>Google Chrome:&nbsp;<a href=\"https:\/\/support.google.com\/chrome\/bin\/answer.py?hl=en&amp;answer=95647&amp;p=cpn_cookies\" target=\"_blank\" rel=\"noopener\">https:\/\/support.google.com\/chrome\/bin\/answer.py?hl=en&amp;answer=95647&amp;p=cpn_cookies<\/a><br>Mozilla Firefox:&nbsp;<a href=\"http:\/\/support.mozilla.org\/en-US\/kb\/Enabling%20and%20disabling%20cookies\" target=\"_blank\" rel=\"noopener\">http:\/\/support.mozilla.org\/en-US\/kb\/Enabling%20and%20disabling%20cookies<\/a><br>Apple Safari:&nbsp;<a href=\"http:\/\/docs.info.apple.com\/article.html?path=Safari\/5.0\/en\/9277.html\" target=\"_blank\" rel=\"noopener\">http:\/\/docs.info.apple.com\/article.html?path=Safari\/5.0\/en\/9277.html<\/a><br>Per non ricevere i cookie di Google Analytics visita la pagina:<a href=\"https:\/\/tools.google.com\/dlpage\/gaoptout\/\" target=\"_blank\" rel=\"noopener\">https:\/\/tools.google.com\/dlpage\/gaoptout\/<\/a><br>Se vuoi saperne di pi\u00f9 sui cookie in generale visita la pagina&nbsp;<a href=\"http:\/\/www.darioflaccovio.it\/gestione\/gestfc.fcgi\/www.allaboutcookies.org\" target=\"_blank\" rel=\"noopener\">www.allaboutcookies.org<\/a><\/p>\n<p>Per selezionare i cookies da disattivare \u00e8 disponibile anche questo strumento:&nbsp;<a href=\"http:\/\/www.youronlinechoices.com\/it\/\" target=\"_blank\" rel=\"noopener\">http:\/\/www.youronlinechoices.com\/it\/<\/a><\/p>\n<p>Ti ricordiamo che se disattivi i cookies, potresti disabilitare alcune funzionalit\u00e0 del sito. Anche con tutti i cookies disabilitati, il tuo browser continuer\u00e0 a memorizzare una piccola quantit\u00e0 di informazioni, necessarie per le funzionalit\u00e0 di base del sito.<\/p>\t\t\t\t\t\t\t\t<\/div>\n\t\t\t\t<\/div>\n\t\t\t\t<div class=\"elementor-element elementor-element-3d06af5 elementor-widget elementor-widget-spacer\" data-id=\"3d06af5\" data-element_type=\"widget\" data-e-type=\"widget\" data-widget_type=\"spacer.default\">\n\t\t\t\t<div class=\"elementor-widget-container\">\n\t\t\t\t\t\t\t<div class=\"elementor-spacer\">\n\t\t\t<div class=\"elementor-spacer-inner\"><\/div>\n\t\t<\/div>\n\t\t\t\t\t\t<\/div>\n\t\t\t\t<\/div>\n\t\t\t\t\t<\/div>\n\t\t<\/div>\n\t\t\t\t\t<\/div>\n\t\t<\/section>\n\t\t\t\t<\/div>\n\t\t","protected":false},"excerpt":{"rendered":"<p>Informativa ai sensi dell\u2019art. 13 del d.lg. 196\/2003 (Codice in materia di protezione dei dati personali) Con il presente documento, LA MECCANICA TURBO DIESEL S.R.L.\u00a0\u2028C.F. \/ P. IVA 02789780109 , titolare del trattamento, ai sensi degli artt. 13 e 122 del D. Lgs. 196\/2003 (\u201ccodice privacy\u201d), nonch\u00e9 in base a quanto previsto dal Provvedimento generale [&hellip;]<\/p>\n","protected":false},"author":1,"featured_media":0,"parent":0,"menu_order":0,"comment_status":"closed","ping_status":"closed","template":"page-full-width.php","meta":{"footnotes":""},"class_list":["post-9133","page","type-page","status-publish","hentry"],"_links":{"self":[{"href":"https:\/\/www.mtd.it\/en\/wp-json\/wp\/v2\/pages\/9133","targetHints":{"allow":["GET"]}}],"collection":[{"href":"https:\/\/www.mtd.it\/en\/wp-json\/wp\/v2\/pages"}],"about":[{"href":"https:\/\/www.mtd.it\/en\/wp-json\/wp\/v2\/types\/page"}],"author":[{"embeddable":true,"href":"https:\/\/www.mtd.it\/en\/wp-json\/wp\/v2\/users\/1"}],"replies":[{"embeddable":true,"href":"https:\/\/www.mtd.it\/en\/wp-json\/wp\/v2\/comments?post=9133"}],"version-history":[{"count":1,"href":"https:\/\/www.mtd.it\/en\/wp-json\/wp\/v2\/pages\/9133\/revisions"}],"predecessor-version":[{"id":9134,"href":"https:\/\/www.mtd.it\/en\/wp-json\/wp\/v2\/pages\/9133\/revisions\/9134"}],"wp:attachment":[{"href":"https:\/\/www.mtd.it\/en\/wp-json\/wp\/v2\/media?parent=9133"}],"curies":[{"name":"wp","href":"https:\/\/api.w.org\/{rel}","templated":true}]}}