{"id":9488,"date":"2024-12-16T10:30:46","date_gmt":"2024-12-16T09:30:46","guid":{"rendered":"https:\/\/www.mtd.it\/naval\/"},"modified":"2025-11-24T17:47:11","modified_gmt":"2025-11-24T16:47:11","slug":"settore-yacht","status":"publish","type":"page","link":"https:\/\/www.mtd.it\/fr\/settore-yacht\/","title":{"rendered":"Naval"},"content":{"rendered":"\t\t<div data-elementor-type=\"wp-page\" data-elementor-id=\"9488\" class=\"elementor elementor-9488 elementor-8100\">\n\t\t\t\t\t\t<section class=\"elementor-section elementor-top-section elementor-element elementor-element-545dbeb elementor-section-full_width qodef-elementor-content-grid elementor-section-height-default elementor-section-height-default\" data-id=\"545dbeb\" data-element_type=\"section\" data-e-type=\"section\">\n\t\t\t\t\t\t<div class=\"elementor-container elementor-column-gap-no\">\n\t\t\t\t\t<div class=\"elementor-column elementor-col-100 elementor-top-column elementor-element elementor-element-f7cdad9 elementor-invisible\" data-id=\"f7cdad9\" data-element_type=\"column\" data-e-type=\"column\" data-settings=\"{&quot;animation&quot;:&quot;fadeInLeft&quot;}\">\n\t\t\t<div class=\"elementor-widget-wrap elementor-element-populated\">\n\t\t\t\t\t\t<div class=\"elementor-element elementor-element-bd9a553 elementor-widget__width-initial elementor-widget elementor-widget-text-editor\" data-id=\"bd9a553\" data-element_type=\"widget\" data-e-type=\"widget\" data-widget_type=\"text-editor.default\">\n\t\t\t\t<div class=\"elementor-widget-container\">\n\t\t\t\t\t\t\t\t\t<p>R\u00e9vision des turbines marines<\/p>\t\t\t\t\t\t\t\t<\/div>\n\t\t\t\t<\/div>\n\t\t\t\t<div class=\"elementor-element elementor-element-0b00e28 elementor-widget-divider--view-line elementor-widget elementor-widget-divider\" data-id=\"0b00e28\" data-element_type=\"widget\" data-e-type=\"widget\" data-widget_type=\"divider.default\">\n\t\t\t\t<div class=\"elementor-widget-container\">\n\t\t\t\t\t\t\t<div class=\"elementor-divider\">\n\t\t\t<span class=\"elementor-divider-separator\">\n\t\t\t\t\t\t<\/span>\n\t\t<\/div>\n\t\t\t\t\t\t<\/div>\n\t\t\t\t<\/div>\n\t\t\t\t<div class=\"elementor-element elementor-element-1c8f470 elementor-widget elementor-widget-image\" data-id=\"1c8f470\" data-element_type=\"widget\" data-e-type=\"widget\" data-widget_type=\"image.default\">\n\t\t\t\t<div class=\"elementor-widget-container\">\n\t\t\t\t\t\t\t\t\t\t\t\t\t\t\t<img fetchpriority=\"high\" decoding=\"async\" width=\"1024\" height=\"343\" src=\"https:\/\/www.mtd.it\/new\/wp-content\/uploads\/2025\/01\/Revisione-turbine-yacht-1024x343.jpg\" class=\"attachment-large size-large wp-image-8448\" alt=\"\" srcset=\"https:\/\/www.mtd.it\/new\/wp-content\/uploads\/2025\/01\/Revisione-turbine-yacht-1024x343.jpg 1024w, https:\/\/www.mtd.it\/new\/wp-content\/uploads\/2025\/01\/Revisione-turbine-yacht-300x101.jpg 300w, https:\/\/www.mtd.it\/new\/wp-content\/uploads\/2025\/01\/Revisione-turbine-yacht-768x257.jpg 768w, https:\/\/www.mtd.it\/new\/wp-content\/uploads\/2025\/01\/Revisione-turbine-yacht-1536x515.jpg 1536w, https:\/\/www.mtd.it\/new\/wp-content\/uploads\/2025\/01\/Revisione-turbine-yacht.jpg 2000w\" sizes=\"(max-width: 1024px) 100vw, 1024px\" \/>\t\t\t\t\t\t\t\t\t\t\t\t\t\t\t<\/div>\n\t\t\t\t<\/div>\n\t\t\t\t<div class=\"elementor-element elementor-element-764cab3 elementor-widget elementor-widget-text-editor\" data-id=\"764cab3\" data-element_type=\"widget\" data-e-type=\"widget\" data-widget_type=\"text-editor.default\">\n\t\t\t\t<div class=\"elementor-widget-container\">\n\t\t\t\t\t\t\t\t\t<p>Des petits groupes \u00e9lectrog\u00e8nes des bateaux de travail aux turbines de derni\u00e8re g\u00e9n\u00e9ration des moteurs principaux des plus grands navires de la marine marchande, La Meccanica Turbo Diesel est en mesure de r\u00e9pondre \u00e0 toutes les demandes techniques des compagnies maritimes.<\/p><p>Conscients des cons\u00e9quences qu&#8217;un arr\u00eat de navire peut entra\u00eener, notre objectif est d&#8217;offrir un service de haute qualit\u00e9.<\/p><p>Notre \u00e9quipe de techniciens sp\u00e9cialis\u00e9s, qui suit une formation continue, est pr\u00eate \u00e0 intervenir sur votre installation partout dans le monde, 24 heures sur 24 et 7 jours sur 7.<\/p><p>Pour toutes les activit\u00e9s de maintenance programm\u00e9e, nous pouvons effectuer les travaux dans notre atelier, \u00e9quip\u00e9 de machines de derni\u00e8re g\u00e9n\u00e9ration et int\u00e9gr\u00e9 \u00e0 l&#8217;Industrie 4.0.<\/p><p>Notre bureau technique est en mesure de vous fournir un devis pour toute pi\u00e8ce de rechange d&#8217;origine des constructeurs que nous repr\u00e9sentons. De plus, sur demande expresse, nous pouvons \u00e9galement fournir des pi\u00e8ces de rechange de qualit\u00e9 compatible avec l&#8217;original \u00e0 des prix comp\u00e9titifs, en garantissant les m\u00eames conditions de garantie.<\/p><p>Notre service logistique est en mesure de g\u00e9rer toutes les activit\u00e9s li\u00e9es au transport des mat\u00e9riaux et \u00e0 l&#8217;accomplissement de toutes les formalit\u00e9s douani\u00e8res pour leur d\u00e9chargement\/chargement.<\/p><p>Traduit avec DeepL.com (version gratuite)<\/p>\t\t\t\t\t\t\t\t<\/div>\n\t\t\t\t<\/div>\n\t\t\t\t\t<\/div>\n\t\t<\/div>\n\t\t\t\t\t<\/div>\n\t\t<\/section>\n\t\t\t\t<section class=\"elementor-section elementor-top-section elementor-element elementor-element-b503380 elementor-section-full_width elementor-section-height-min-height qodef-elementor-content-grid elementor-section-content-middle elementor-section-height-default elementor-section-items-middle\" data-id=\"b503380\" data-element_type=\"section\" data-e-type=\"section\" data-settings=\"{&quot;background_background&quot;:&quot;classic&quot;}\">\n\t\t\t\t\t\t<div class=\"elementor-container elementor-column-gap-no\">\n\t\t\t\t\t<div class=\"elementor-column elementor-col-100 elementor-top-column elementor-element elementor-element-81a7274\" data-id=\"81a7274\" data-element_type=\"column\" data-e-type=\"column\">\n\t\t\t<div class=\"elementor-widget-wrap elementor-element-populated\">\n\t\t\t\t\t\t<div class=\"elementor-element elementor-element-91eac4d elementor-widget elementor-widget-text-editor\" data-id=\"91eac4d\" data-element_type=\"widget\" data-e-type=\"widget\" data-widget_type=\"text-editor.default\">\n\t\t\t\t<div class=\"elementor-widget-container\">\n\t\t\t\t\t\t\t\t\t<div class=\"wpb_text_column wpb_content_element \"><div class=\"wpb_wrapper\"><h4 style=\"text-align: center;\"><span style=\"color: #ffffff;\">AUTHORIZED SERVICE STATIONS<\/span><\/h4><\/div><\/div>\t\t\t\t\t\t\t\t<\/div>\n\t\t\t\t<\/div>\n\t\t\t\t<div class=\"elementor-element elementor-element-3825c5b elementor-widget elementor-widget-globefarer_core_clients_list\" data-id=\"3825c5b\" data-element_type=\"widget\" data-e-type=\"widget\" data-widget_type=\"globefarer_core_clients_list.default\">\n\t\t\t\t<div class=\"elementor-widget-container\">\n\t\t\t\t\t<div class=\"qodef-shortcode qodef-m  qodef-clients-list qodef-grid qodef-layout--columns  qodef-gutter--tiny qodef-col-num--5 qodef-item-layout--image-only qodef-responsive--predefined qodef-hover-animation--fade-in\">\n\t<div class=\"qodef-grid-inner clear\">\n\t\t<span class=\"qodef-e qodef-grid-item \">\n\t<span class=\"qodef-e-inner\" >\n\t\t\t<span class=\"qodef-e-image\">\n\t\t\t\t\t\t\t<span class=\"qodef-e-hover-logo\">\n\t\t\t\t\t<img decoding=\"async\" width=\"600\" height=\"438\" src=\"https:\/\/www.mtd.it\/new\/wp-content\/uploads\/2025\/01\/met-hover.jpg\" class=\"attachment-full size-full\" alt=\"\" srcset=\"https:\/\/www.mtd.it\/new\/wp-content\/uploads\/2025\/01\/met-hover.jpg 600w, https:\/\/www.mtd.it\/new\/wp-content\/uploads\/2025\/01\/met-hover-300x219.jpg 300w\" sizes=\"(max-width: 600px) 100vw, 600px\" \/>\t\t\t\t<\/span>\n\t\t\t\t\t\t\t\t\t\t<span class=\"qodef-e-logo\">\n\t\t\t\t\t<img decoding=\"async\" width=\"166\" height=\"58\" src=\"https:\/\/www.mtd.it\/new\/wp-content\/uploads\/2025\/01\/met.png\" class=\"attachment-full size-full\" alt=\"\" \/>\t\t\t\t<\/span>\n\t\t\t\t\t\t\t\t<a itemprop=\"url\" href=\"#\" target=\"_blank\"><\/a>\n\t\t\t<\/span>\n\t<\/span>\n<\/span>\n<span class=\"qodef-e qodef-grid-item \">\n\t<span class=\"qodef-e-inner\" >\n\t\t\t<span class=\"qodef-e-image\">\n\t\t\t\t\t\t\t<span class=\"qodef-e-hover-logo\">\n\t\t\t\t\t<img loading=\"lazy\" decoding=\"async\" width=\"600\" height=\"438\" src=\"https:\/\/www.mtd.it\/new\/wp-content\/uploads\/2025\/01\/mitsub-hover.jpg\" class=\"attachment-full size-full\" alt=\"\" srcset=\"https:\/\/www.mtd.it\/new\/wp-content\/uploads\/2025\/01\/mitsub-hover.jpg 600w, https:\/\/www.mtd.it\/new\/wp-content\/uploads\/2025\/01\/mitsub-hover-300x219.jpg 300w\" sizes=\"(max-width: 600px) 100vw, 600px\" \/>\t\t\t\t<\/span>\n\t\t\t\t\t\t\t\t\t\t<span class=\"qodef-e-logo\">\n\t\t\t\t\t<img loading=\"lazy\" decoding=\"async\" width=\"166\" height=\"58\" src=\"https:\/\/www.mtd.it\/new\/wp-content\/uploads\/2025\/01\/mitsubisci.png\" class=\"attachment-full size-full\" alt=\"\" \/>\t\t\t\t<\/span>\n\t\t\t\t\t\t\t\t<a itemprop=\"url\" href=\"#\" target=\"_blank\"><\/a>\n\t\t\t<\/span>\n\t<\/span>\n<\/span>\n<span class=\"qodef-e qodef-grid-item \">\n\t<span class=\"qodef-e-inner\" >\n\t\t\t<span class=\"qodef-e-image\">\n\t\t\t\t\t\t\t<span class=\"qodef-e-hover-logo\">\n\t\t\t\t\t<img loading=\"lazy\" decoding=\"async\" width=\"600\" height=\"438\" src=\"https:\/\/www.mtd.it\/new\/wp-content\/uploads\/2021\/08\/stx-hover.jpg\" class=\"attachment-full size-full\" alt=\"\" srcset=\"https:\/\/www.mtd.it\/new\/wp-content\/uploads\/2021\/08\/stx-hover.jpg 600w, https:\/\/www.mtd.it\/new\/wp-content\/uploads\/2021\/08\/stx-hover-300x219.jpg 300w\" sizes=\"(max-width: 600px) 100vw, 600px\" \/>\t\t\t\t<\/span>\n\t\t\t\t\t\t\t\t\t\t<span class=\"qodef-e-logo\">\n\t\t\t\t\t<img loading=\"lazy\" decoding=\"async\" width=\"166\" height=\"58\" src=\"https:\/\/www.mtd.it\/new\/wp-content\/uploads\/2025\/01\/stx-bianco.png\" class=\"attachment-full size-full\" alt=\"\" \/>\t\t\t\t<\/span>\n\t\t\t\t\t\t\t\t<a itemprop=\"url\" href=\"#\" target=\"_blank\"><\/a>\n\t\t\t<\/span>\n\t<\/span>\n<\/span>\n<span class=\"qodef-e qodef-grid-item \">\n\t<span class=\"qodef-e-inner\" >\n\t\t\t<span class=\"qodef-e-image\">\n\t\t\t\t\t\t\t<span class=\"qodef-e-hover-logo\">\n\t\t\t\t\t<img loading=\"lazy\" decoding=\"async\" width=\"600\" height=\"438\" src=\"https:\/\/www.mtd.it\/new\/wp-content\/uploads\/2021\/08\/dantec-hover.jpg\" class=\"attachment-full size-full\" alt=\"\" srcset=\"https:\/\/www.mtd.it\/new\/wp-content\/uploads\/2021\/08\/dantec-hover.jpg 600w, https:\/\/www.mtd.it\/new\/wp-content\/uploads\/2021\/08\/dantec-hover-300x219.jpg 300w\" sizes=\"(max-width: 600px) 100vw, 600px\" \/>\t\t\t\t<\/span>\n\t\t\t\t\t\t\t\t\t\t<span class=\"qodef-e-logo\">\n\t\t\t\t\t<img loading=\"lazy\" decoding=\"async\" width=\"166\" height=\"58\" src=\"https:\/\/www.mtd.it\/new\/wp-content\/uploads\/2025\/01\/dantec.png\" class=\"attachment-full size-full\" alt=\"\" \/>\t\t\t\t<\/span>\n\t\t\t\t\t\t\t\t<a itemprop=\"url\" href=\"#\" target=\"_blank\"><\/a>\n\t\t\t<\/span>\n\t<\/span>\n<\/span>\n<span class=\"qodef-e qodef-grid-item \">\n\t<span class=\"qodef-e-inner\" >\n\t\t\t<span class=\"qodef-e-image\">\n\t\t\t\t\t\t\t<span class=\"qodef-e-hover-logo\">\n\t\t\t\t\t<img loading=\"lazy\" decoding=\"async\" width=\"600\" height=\"438\" src=\"https:\/\/www.mtd.it\/new\/wp-content\/uploads\/2021\/08\/kbb-hover.jpg\" class=\"attachment-full size-full\" alt=\"\" srcset=\"https:\/\/www.mtd.it\/new\/wp-content\/uploads\/2021\/08\/kbb-hover.jpg 600w, https:\/\/www.mtd.it\/new\/wp-content\/uploads\/2021\/08\/kbb-hover-300x219.jpg 300w\" sizes=\"(max-width: 600px) 100vw, 600px\" \/>\t\t\t\t<\/span>\n\t\t\t\t\t\t\t\t\t\t<span class=\"qodef-e-logo\">\n\t\t\t\t\t<img loading=\"lazy\" decoding=\"async\" width=\"166\" height=\"58\" src=\"https:\/\/www.mtd.it\/new\/wp-content\/uploads\/2021\/08\/kbb.png\" class=\"attachment-full size-full\" alt=\"\" \/>\t\t\t\t<\/span>\n\t\t\t\t\t\t\t\t<a itemprop=\"url\" href=\"#\" target=\"_blank\"><\/a>\n\t\t\t<\/span>\n\t<\/span>\n<\/span>\n\t<\/div>\n<\/div>\n\t\t\t\t<\/div>\n\t\t\t\t<\/div>\n\t\t\t\t\t<\/div>\n\t\t<\/div>\n\t\t\t\t\t<\/div>\n\t\t<\/section>\n\t\t\t\t<section class=\"elementor-section elementor-top-section elementor-element elementor-element-3db9d79 elementor-section-full_width elementor-section-height-min-height elementor-section-content-middle qodef-elementor-content-grid elementor-section-height-default elementor-section-items-middle\" data-id=\"3db9d79\" data-element_type=\"section\" data-e-type=\"section\" data-settings=\"{&quot;background_background&quot;:&quot;classic&quot;}\">\n\t\t\t\t\t\t\t<div class=\"elementor-background-overlay\"><\/div>\n\t\t\t\t\t\t\t<div class=\"elementor-container elementor-column-gap-no\">\n\t\t\t\t\t<div class=\"elementor-column elementor-col-100 elementor-top-column elementor-element elementor-element-65e76b6\" data-id=\"65e76b6\" data-element_type=\"column\" data-e-type=\"column\">\n\t\t\t<div class=\"elementor-widget-wrap elementor-element-populated\">\n\t\t\t\t\t\t<div class=\"elementor-element elementor-element-27bf54f elementor-widget elementor-widget-qi_addons_for_elementor_blockquote\" data-id=\"27bf54f\" data-element_type=\"widget\" data-e-type=\"widget\" data-widget_type=\"qi_addons_for_elementor_blockquote.default\">\n\t\t\t\t<div class=\"elementor-widget-container\">\n\t\t\t\t\t<div class=\"qodef-shortcode qodef-m qodef-qi-blockquote qodef-layout--inline qodef--icon-pack\">\n\t\t\t<h3 class=\"qodef-m-text\">\n\t\t\t\t\t\t\t<span class=\"qodef-m-icon\">\n\t\t\t\t\t<svg aria-hidden=\"true\" class=\"e-font-icon-svg e-fas-quote-right\" viewBox=\"0 0 512 512\" xmlns=\"http:\/\/www.w3.org\/2000\/svg\"><path d=\"M464 32H336c-26.5 0-48 21.5-48 48v128c0 26.5 21.5 48 48 48h80v64c0 35.3-28.7 64-64 64h-8c-13.3 0-24 10.7-24 24v48c0 13.3 10.7 24 24 24h8c88.4 0 160-71.6 160-160V80c0-26.5-21.5-48-48-48zm-288 0H48C21.5 32 0 53.5 0 80v128c0 26.5 21.5 48 48 48h80v64c0 35.3-28.7 64-64 64h-8c-13.3 0-24 10.7-24 24v48c0 13.3 10.7 24 24 24h8c88.4 0 160-71.6 160-160V80c0-26.5-21.5-48-48-48z\"><\/path><\/svg>\t\t\t\t<\/span>\n\t\t\t\t\t\tL'objectif principal de notre politique dans le domaine de la cog\u00e9n\u00e9ration est de permettre aux op\u00e9rateurs de r\u00e9duire au minimum les temps d'arr\u00eat des machines.\t\t<\/h3>\n\t<\/div>\n\t\t\t\t<\/div>\n\t\t\t\t<\/div>\n\t\t\t\t\t<\/div>\n\t\t<\/div>\n\t\t\t\t\t<\/div>\n\t\t<\/section>\n\t\t\t\t<\/div>\n\t\t","protected":false},"excerpt":{"rendered":"<p>R\u00e9vision des turbines marines Des petits groupes \u00e9lectrog\u00e8nes des bateaux de travail aux turbines de derni\u00e8re g\u00e9n\u00e9ration des moteurs principaux des plus grands navires de la marine marchande, La Meccanica Turbo Diesel est en mesure de r\u00e9pondre \u00e0 toutes les demandes techniques des compagnies maritimes. Conscients des cons\u00e9quences qu&#8217;un arr\u00eat de navire peut entra\u00eener, notre [&hellip;]<\/p>\n","protected":false},"author":1,"featured_media":0,"parent":0,"menu_order":0,"comment_status":"closed","ping_status":"closed","template":"page-full-width.php","meta":{"footnotes":""},"class_list":["post-9488","page","type-page","status-publish","hentry"],"_links":{"self":[{"href":"https:\/\/www.mtd.it\/fr\/wp-json\/wp\/v2\/pages\/9488","targetHints":{"allow":["GET"]}}],"collection":[{"href":"https:\/\/www.mtd.it\/fr\/wp-json\/wp\/v2\/pages"}],"about":[{"href":"https:\/\/www.mtd.it\/fr\/wp-json\/wp\/v2\/types\/page"}],"author":[{"embeddable":true,"href":"https:\/\/www.mtd.it\/fr\/wp-json\/wp\/v2\/users\/1"}],"replies":[{"embeddable":true,"href":"https:\/\/www.mtd.it\/fr\/wp-json\/wp\/v2\/comments?post=9488"}],"version-history":[{"count":6,"href":"https:\/\/www.mtd.it\/fr\/wp-json\/wp\/v2\/pages\/9488\/revisions"}],"predecessor-version":[{"id":9499,"href":"https:\/\/www.mtd.it\/fr\/wp-json\/wp\/v2\/pages\/9488\/revisions\/9499"}],"wp:attachment":[{"href":"https:\/\/www.mtd.it\/fr\/wp-json\/wp\/v2\/media?parent=9488"}],"curies":[{"name":"wp","href":"https:\/\/api.w.org\/{rel}","templated":true}]}}